{"id":1658,"date":"2025-09-29T14:05:57","date_gmt":"2025-09-29T12:05:57","guid":{"rendered":"https:\/\/lapotinerie.fr\/?post_type=product&#038;p=1658"},"modified":"2025-09-29T14:29:25","modified_gmt":"2025-09-29T12:29:25","slug":"assiette-poisson-mandarin","status":"publish","type":"product","link":"https:\/\/lapotinerie.fr\/en\/product\/assiette-poisson-mandarin\/","title":{"rendered":"Plat poisson mandarin"},"content":{"rendered":"<p>Plat creux poisson mandarin, peint \u00e0 la main \u00e0 Saint-Malo. Pi\u00e8ce unique.<\/p>\n<p>Material: ceramic.<\/p>\n<p><span data-sheets-root=\"1\">Dishwasher-safe and microwave-safe. For a better color preservation over time, wash by hand.<br \/>\n<\/span><\/p>\n<p><strong><em>Dimensions:<\/em><\/strong><\/p>\n<ul>\n<li>diam\u00e8tre = 27cm<\/li>\n<li>hauteur = 5,5cm<\/li>\n<\/ul>","protected":false},"excerpt":{"rendered":"<p>Plat creux poisson mandarin, peint \u00e0 la main.<\/p>","protected":false},"featured_media":1663,"template":"","meta":{"_kad_post_transparent":"default","_kad_post_title":"","_kad_post_layout":"default","_kad_post_sidebar_id":"","_kad_post_content_style":"default","_kad_post_vertical_padding":"default","_kad_post_feature":"","_kad_post_feature_position":"","_kad_post_header":false,"_kad_post_footer":false},"product_brand":[],"product_cat":[35],"product_tag":[],"class_list":{"0":"post-1658","1":"product","2":"type-product","3":"status-publish","4":"has-post-thumbnail","6":"product_cat-plat","8":"first","9":"instock","10":"taxable","11":"shipping-taxable","12":"purchasable","13":"product-type-simple","14":"entry","15":"content-bg","16":"loop-entry"},"_links":{"self":[{"href":"https:\/\/lapotinerie.fr\/en\/wp-json\/wp\/v2\/product\/1658","targetHints":{"allow":["GET"]}}],"collection":[{"href":"https:\/\/lapotinerie.fr\/en\/wp-json\/wp\/v2\/product"}],"about":[{"href":"https:\/\/lapotinerie.fr\/en\/wp-json\/wp\/v2\/types\/product"}],"wp:featuredmedia":[{"embeddable":true,"href":"https:\/\/lapotinerie.fr\/en\/wp-json\/wp\/v2\/media\/1663"}],"wp:attachment":[{"href":"https:\/\/lapotinerie.fr\/en\/wp-json\/wp\/v2\/media?parent=1658"}],"wp:term":[{"taxonomy":"product_brand","embeddable":true,"href":"https:\/\/lapotinerie.fr\/en\/wp-json\/wp\/v2\/product_brand?post=1658"},{"taxonomy":"product_cat","embeddable":true,"href":"https:\/\/lapotinerie.fr\/en\/wp-json\/wp\/v2\/product_cat?post=1658"},{"taxonomy":"product_tag","embeddable":true,"href":"https:\/\/lapotinerie.fr\/en\/wp-json\/wp\/v2\/product_tag?post=1658"}],"curies":[{"name":"wp","href":"https:\/\/api.w.org\/{rel}","templated":true}]}}