{"id":624,"date":"2025-02-17T11:24:35","date_gmt":"2025-02-17T11:24:35","guid":{"rendered":"https:\/\/lapotinerie.fr\/?post_type=product&#038;p=624"},"modified":"2025-12-11T17:16:53","modified_gmt":"2025-12-11T16:16:53","slug":"lelegant","status":"publish","type":"product","link":"https:\/\/lapotinerie.fr\/en\/product\/lelegant\/","title":{"rendered":"SOLD - Strawberry tea-pot"},"content":{"rendered":"<p><span data-sheets-root=\"1\">Strawberry teapot, painted by hand in Saint-Malo. Unique piece.<br \/>\nMaterial: ceramic.<br \/>\nDishwasher-safe and microwave-safe. For a better color preservation over time, wash by hand.<br \/>\n<\/span><\/p>\n<p><strong><em>Dimensions:<br \/>\n<\/em><\/strong>&#8211; Contenance = 1,2L<br \/>\n\u2013 Height = 15 cm<\/p>","protected":false},"excerpt":{"rendered":"<p><span data-sheets-root=\"1\">Th\u00e9i\u00e8re d\u00e9cor\u00e9e \u00e0 la main.<\/span><\/p>","protected":false},"featured_media":1525,"template":"","meta":{"_kad_post_transparent":"default","_kad_post_title":"","_kad_post_layout":"default","_kad_post_sidebar_id":"","_kad_post_content_style":"default","_kad_post_vertical_padding":"default","_kad_post_feature":"","_kad_post_feature_position":"","_kad_post_header":false,"_kad_post_footer":false},"product_brand":[],"product_cat":[32],"product_tag":[],"class_list":{"0":"post-624","1":"product","2":"type-product","3":"status-publish","4":"has-post-thumbnail","6":"product_cat-theieres-carafes","8":"first","9":"outofstock","10":"sold-individually","11":"taxable","12":"shipping-taxable","13":"purchasable","14":"product-type-simple","15":"entry","16":"content-bg","17":"loop-entry"},"_links":{"self":[{"href":"https:\/\/lapotinerie.fr\/en\/wp-json\/wp\/v2\/product\/624","targetHints":{"allow":["GET"]}}],"collection":[{"href":"https:\/\/lapotinerie.fr\/en\/wp-json\/wp\/v2\/product"}],"about":[{"href":"https:\/\/lapotinerie.fr\/en\/wp-json\/wp\/v2\/types\/product"}],"wp:featuredmedia":[{"embeddable":true,"href":"https:\/\/lapotinerie.fr\/en\/wp-json\/wp\/v2\/media\/1525"}],"wp:attachment":[{"href":"https:\/\/lapotinerie.fr\/en\/wp-json\/wp\/v2\/media?parent=624"}],"wp:term":[{"taxonomy":"product_brand","embeddable":true,"href":"https:\/\/lapotinerie.fr\/en\/wp-json\/wp\/v2\/product_brand?post=624"},{"taxonomy":"product_cat","embeddable":true,"href":"https:\/\/lapotinerie.fr\/en\/wp-json\/wp\/v2\/product_cat?post=624"},{"taxonomy":"product_tag","embeddable":true,"href":"https:\/\/lapotinerie.fr\/en\/wp-json\/wp\/v2\/product_tag?post=624"}],"curies":[{"name":"wp","href":"https:\/\/api.w.org\/{rel}","templated":true}]}}