{"id":841,"date":"2025-02-18T14:55:22","date_gmt":"2025-02-18T14:55:22","guid":{"rendered":"https:\/\/lapotinerie.fr\/produit\/carte-cadeau\/"},"modified":"2026-01-23T17:27:04","modified_gmt":"2026-01-23T16:27:04","slug":"carte-cadeau","status":"publish","type":"product","link":"https:\/\/lapotinerie.fr\/en\/product\/carte-cadeau\/","title":{"rendered":"Gift Card"},"content":{"rendered":"","protected":false},"excerpt":{"rendered":"<h3 data-start=\"88\" data-end=\"175\"><strong data-start=\"92\" data-end=\"173\">Offer a gift card for a unique item or an unforgettable experience!<\/strong><\/h3>\n<p data-start=\"177\" data-end=\"265\">Avec cette carte, offrez au choix :<\/p>\n<ul data-start=\"267\" data-end=\"671\">\n<li data-start=\"267\" data-end=\"472\"><strong data-start=\"269\" data-end=\"303\">Hand-painted ceramics<\/strong>, \u00e0 commander sur notre boutique en ligne. Pour l&rsquo;utiliser, il suffira d\u2019entrer le code re\u00e7u par mail apr\u00e8s l\u2019achat dans l\u2019onglet \u00ab\u00a0code promo\u00a0\u00bb lors de la validation de la commande.<\/li>\n<li data-start=\"473\" data-end=\"671\"><strong data-start=\"475\" data-end=\"502\">A creative experience<\/strong> dans notre caf\u00e9 pour personnaliser une c\u00e9ramique. Pour profiter de l&rsquo;exp\u00e9rience, il suffira au propri\u00e9taire de la carte de\u00a0 r\u00e9server en ligne et de nous indiquer le num\u00e9ro du bon cadeau re\u00e7u par mail, \u00e0 la fin de l&rsquo;atelier.<\/li>\n<\/ul>\n<p data-start=\"673\" data-end=\"706\">\ud83c\udf81 <strong data-start=\"676\" data-end=\"704\">The voucher is valid for 1 year.<\/strong><\/p>\n<p data-start=\"708\" data-end=\"947\">\ud83d\udca1 <strong data-start=\"711\" data-end=\"723\">Tips :<\/strong> Si vous souhaitez offrir ce cadeau plus tard sans en informer la personne imm\u00e9diatement, entrez votre propre adresse mail lors de l\u2019achat. Vous recevrez ainsi le bon cadeau et pourrez le transmettre au moment voulu.<\/p>\n<p data-start=\"708\" data-end=\"947\"><em>\u27a1\ufe0f<\/em><strong> A noter :\u00a0<\/strong>Lors de la r\u00e9servation de l&rsquo;atelier, un acompte de 5\u20ac\/personne est demand\u00e9. Cette somme vous sera rendue lors de votre visite. Ne la prenez donc pas en compte comme un co\u00fbt suppl\u00e9mentaire de l&rsquo;atelier !<\/p>\n<p>&nbsp;<\/p>","protected":false},"featured_media":1497,"template":"","meta":{"_kad_post_transparent":"default","_kad_post_title":"","_kad_post_layout":"default","_kad_post_sidebar_id":"","_kad_post_content_style":"default","_kad_post_vertical_padding":"default","_kad_post_feature":"","_kad_post_feature_position":"","_kad_post_header":false,"_kad_post_footer":false},"product_brand":[],"product_cat":[38],"product_tag":[],"class_list":{"0":"post-841","1":"product","2":"type-product","3":"status-publish","4":"has-post-thumbnail","6":"product_cat-carte-cadeau","8":"first","9":"instock","10":"purchasable","11":"product-type-pw-gift-card","12":"entry","13":"content-bg","14":"loop-entry"},"_links":{"self":[{"href":"https:\/\/lapotinerie.fr\/en\/wp-json\/wp\/v2\/product\/841","targetHints":{"allow":["GET"]}}],"collection":[{"href":"https:\/\/lapotinerie.fr\/en\/wp-json\/wp\/v2\/product"}],"about":[{"href":"https:\/\/lapotinerie.fr\/en\/wp-json\/wp\/v2\/types\/product"}],"wp:featuredmedia":[{"embeddable":true,"href":"https:\/\/lapotinerie.fr\/en\/wp-json\/wp\/v2\/media\/1497"}],"wp:attachment":[{"href":"https:\/\/lapotinerie.fr\/en\/wp-json\/wp\/v2\/media?parent=841"}],"wp:term":[{"taxonomy":"product_brand","embeddable":true,"href":"https:\/\/lapotinerie.fr\/en\/wp-json\/wp\/v2\/product_brand?post=841"},{"taxonomy":"product_cat","embeddable":true,"href":"https:\/\/lapotinerie.fr\/en\/wp-json\/wp\/v2\/product_cat?post=841"},{"taxonomy":"product_tag","embeddable":true,"href":"https:\/\/lapotinerie.fr\/en\/wp-json\/wp\/v2\/product_tag?post=841"}],"curies":[{"name":"wp","href":"https:\/\/api.w.org\/{rel}","templated":true}]}}